{"id":154,"date":"2023-03-21T08:03:26","date_gmt":"2023-03-21T08:03:26","guid":{"rendered":"https:\/\/shtheme.com\/demosd\/ziptech\/?page_id=154"},"modified":"2023-08-29T19:41:35","modified_gmt":"2023-08-29T19:41:35","slug":"contactanos","status":"publish","type":"page","link":"https:\/\/isisas.co\/inicio\/contactanos\/","title":{"rendered":"Cont\u00e1ctanos Ya"},"content":{"rendered":"\t\t<div data-elementor-type=\"wp-page\" data-elementor-id=\"154\" class=\"elementor elementor-154\">\n\t\t\t\t\t\t<section class=\"elementor-section elementor-top-section elementor-element elementor-element-89b3b7f elementor-section-full_width elementor-section-height-default elementor-section-height-default\" data-id=\"89b3b7f\" data-element_type=\"section\" data-e-type=\"section\">\n\t\t\t\t\t\t<div class=\"elementor-container elementor-column-gap-no\">\n\t\t\t\t\t<div class=\"elementor-column elementor-col-100 elementor-top-column elementor-element elementor-element-7f7ee00\" data-id=\"7f7ee00\" data-element_type=\"column\" data-e-type=\"column\">\n\t\t\t<div class=\"elementor-widget-wrap elementor-element-populated\">\n\t\t\t\t\t\t<div class=\"elementor-element elementor-element-21670da elementor-align-left elementor-widget elementor-widget-bdevs-Banner\" data-id=\"21670da\" data-element_type=\"widget\" data-e-type=\"widget\" data-widget_type=\"bdevs-Banner.default\">\n\t\t\t\t<div class=\"elementor-widget-container\">\n\t\t\t\t\t \n<section class=\"page-title-section\" style=\"background-image: url(https:\/\/shtheme.com\/demosd\/ziptech\/wp-content\/uploads\/2023\/04\/1.jpg);\">\n      <div class=\"container\">\n        <div class=\"row\">\n          <div class=\"col-xl-12\">\n            <div class=\"breadcrumb-area\">\n            \t              <h2 class=\"page-title\">Cont\u00e1ctanos<\/h2>\n                                          <ul class=\"breadcrumbs-link\">\n                <li><a href=\"https:\/\/isisas.co\/inicio\/\">Inicio<\/a><\/li>\n                \n                <li class=\"active\">Cont\u00e1ctanos<\/li>\n                \n              <\/ul>\n                          <\/div>\n          <\/div>\n        <\/div>\n      <\/div>\n    <\/section>\n\n\t\t\t\t\t<\/div>\n\t\t\t\t<\/div>\n\t\t\t\t\t<\/div>\n\t\t<\/div>\n\t\t\t\t\t<\/div>\n\t\t<\/section>\n\t\t\t\t<section class=\"elementor-section elementor-top-section elementor-element elementor-element-66bdf81 elementor-section-full_width elementor-section-height-default elementor-section-height-default\" data-id=\"66bdf81\" data-element_type=\"section\" data-e-type=\"section\">\n\t\t\t\t\t\t<div class=\"elementor-container elementor-column-gap-no\">\n\t\t\t\t\t<div class=\"elementor-column elementor-col-100 elementor-top-column elementor-element elementor-element-5371b62\" data-id=\"5371b62\" data-element_type=\"column\" data-e-type=\"column\">\n\t\t\t<div class=\"elementor-widget-wrap elementor-element-populated\">\n\t\t\t\t\t\t<div class=\"elementor-element elementor-element-bb99a52 elementor-align-left elementor-widget elementor-widget-bdevs-contact-us\" data-id=\"bb99a52\" data-element_type=\"widget\" data-e-type=\"widget\" data-widget_type=\"bdevs-contact-us.default\">\n\t\t\t\t<div class=\"elementor-widget-container\">\n\t\t\t\t\t \r\n<section class=\"contact-section bg-no-repeat bg-cover pdt-110 pdb-110\" data-background=\"https:\/\/shtheme.com\/demosd\/ziptech\/wp-content\/uploads\/2023\/05\/abs-bg6.png\" data-overlay-light=\"2\">\r\n      <div class=\"container\">\r\n        <div class=\"row mrb-80\">\r\n          <div class=\"col-xl-12\">\r\n            <div class=\"row\">\r\n            \t              <div class=\"col-lg-6 col-xl-4\">\r\n                <div class=\"contact-block d-flex mrb-30\">\r\n                  <div class=\"contact-icon\">\r\n                    <i class=\"base-icon-map\"><\/i>\r\n                  <\/div>\r\n                  <div class=\"contact-details mrl-30\">\r\n                    <h5 class=\"icon-box-title mrb-10\">Nuestra Direcci\u00f3n<\/h5>\r\n                    <p class=\"mrb-0\">Calle 73 #10-10<\/p>\r\n                  <\/div>\r\n                <\/div>\r\n              <\/div>\r\n                            <div class=\"col-lg-6 col-xl-4\">\r\n                <div class=\"contact-block d-flex mrb-30\">\r\n                  <div class=\"contact-icon\">\r\n                    <i class=\"base-icon-094-email-2\"><\/i>\r\n                  <\/div>\r\n                  <div class=\"contact-details mrl-30\">\r\n                    <h5 class=\"icon-box-title mrb-10\">Escribenos<\/h5>\r\n                    <p class=\"mrb-0\">Ventas@icaro.co<\/p>\r\n                  <\/div>\r\n                <\/div>\r\n              <\/div>\r\n                            <div class=\"col-lg-6 col-xl-4\">\r\n                <div class=\"contact-block d-flex mrb-30\">\r\n                  <div class=\"contact-icon\">\r\n                    <i class=\"base-icon-phone-2\"><\/i>\r\n                  <\/div>\r\n                  <div class=\"contact-details mrl-30\">\r\n                    <h5 class=\"icon-box-title mrb-10\">Contacto<\/h5>\r\n                    <p class=\"mrb-0\">+57 320 493 0494<\/p>\r\n                  <\/div>\r\n                <\/div>\r\n              <\/div>\r\n                          <\/div>\r\n          <\/div>\r\n        <\/div>\r\n        <div class=\"row\">\r\n          <div class=\"col-xl-5\">\r\n          \t            <h5 class=\"side-line-left text-primary-color mrt-0 mrb-5\">Escr\u00edbenos<\/h5>\r\n                                    <h2 class=\"faq-title mrb-30\">Tienes preguntas?<\/h2>\r\n                        <ul class=\"social-list list-lg list-primary-color list-flat mrb-lg-60 clearfix\">\r\n            \t              <li>\r\n                <a href=\"https:\/\/www.facebook.com\/\"><i class=\"fab fa-facebook\"><\/i><\/a>\r\n              <\/li>\r\n                                                        <li>\r\n                <a href=\"https:\/\/www.instagram.com\/\"><i class=\"fab fa-instagram\"><\/i><\/a>\r\n              <\/li>\r\n                                          <li>\r\n                <a href=\"https:\/\/www.google.com\/\"><i class=\"fab fa-google-plus\"><\/i><\/a>\r\n              <\/li>\r\n                          <\/ul>\r\n          <\/div>\r\n          <div class=\"col-xl-7\">\r\n            <div class=\"contact-form\">\r\n              \n<div class=\"wpcf7 no-js\" id=\"wpcf7-f301-o1\" lang=\"en-US\" dir=\"ltr\" data-wpcf7-id=\"301\">\n<div class=\"screen-reader-response\"><p role=\"status\" aria-live=\"polite\" aria-atomic=\"true\"><\/p> <ul><\/ul><\/div>\n<form action=\"\/inicio\/wp-json\/wp\/v2\/pages\/154#wpcf7-f301-o1\" method=\"post\" class=\"wpcf7-form init\" aria-label=\"Contact form\" novalidate=\"novalidate\" data-status=\"init\">\n<fieldset class=\"hidden-fields-container\"><input type=\"hidden\" name=\"_wpcf7\" value=\"301\" \/><input type=\"hidden\" name=\"_wpcf7_version\" value=\"6.1.5\" \/><input type=\"hidden\" name=\"_wpcf7_locale\" value=\"en_US\" \/><input type=\"hidden\" name=\"_wpcf7_unit_tag\" value=\"wpcf7-f301-o1\" \/><input type=\"hidden\" name=\"_wpcf7_container_post\" value=\"0\" \/><input type=\"hidden\" name=\"_wpcf7_posted_data_hash\" value=\"\" \/>\n<\/fieldset>\n<div>\n\t<div class=\"row\">\n\t\t<div class=\"col-lg-6\">\n\t\t\t<div class=\"form-group mrb-25\">\n\t\t\t\t<p><span class=\"wpcf7-form-control-wrap\" data-name=\"text-309\"><input size=\"40\" maxlength=\"400\" class=\"wpcf7-form-control wpcf7-text wpcf7-validates-as-required form-control\" aria-required=\"true\" aria-invalid=\"false\" placeholder=\"Nombre\" value=\"\" type=\"text\" name=\"text-309\" \/><\/span>\n\t\t\t\t<\/p>\n\t\t\t<\/div>\n\t\t<\/div>\n\t\t<div class=\"col-lg-6\">\n\t\t\t<div class=\"form-group mrb-25\">\n\t\t\t\t<p><span class=\"wpcf7-form-control-wrap\" data-name=\"text-355\"><input size=\"40\" maxlength=\"400\" class=\"wpcf7-form-control wpcf7-text wpcf7-validates-as-required form-control\" aria-required=\"true\" aria-invalid=\"false\" placeholder=\"Telefono\" value=\"\" type=\"text\" name=\"text-355\" \/><\/span>\n\t\t\t\t<\/p>\n\t\t\t<\/div>\n\t\t<\/div>\n\t\t<div class=\"col-lg-12\">\n\t\t\t<div class=\"form-group mrb-25\">\n\t\t\t\t<p><span class=\"wpcf7-form-control-wrap\" data-name=\"email-464\"><input size=\"40\" maxlength=\"400\" class=\"wpcf7-form-control wpcf7-email wpcf7-validates-as-required wpcf7-text wpcf7-validates-as-email form-control\" aria-required=\"true\" aria-invalid=\"false\" placeholder=\"Correo\" value=\"\" type=\"email\" name=\"email-464\" \/><\/span>\n\t\t\t\t<\/p>\n\t\t\t<\/div>\n\t\t<\/div>\n\t\t<div class=\"col-lg-12\">\n\t\t\t<div class=\"form-group mrb-25\">\n\t\t\t\t<p><span class=\"wpcf7-form-control-wrap\" data-name=\"textarea-904\"><textarea cols=\"40\" rows=\"10\" maxlength=\"2000\" class=\"wpcf7-form-control wpcf7-textarea wpcf7-validates-as-required form-control\" aria-required=\"true\" aria-invalid=\"false\" placeholder=\"Mensages\" name=\"textarea-904\"><\/textarea><\/span>\n\t\t\t\t<\/p>\n\t\t\t<\/div>\n\t\t<\/div>\n\t\t<div class=\"col-lg-8\">\n\t\t\t<div class=\"form-group\">\n\t\t\t\t<p><input class=\"wpcf7-form-control wpcf7-submit has-spinner animate-btn-style3 mrb-lg-60\" type=\"submit\" value=\"Enviar\" \/>\n\t\t\t\t<\/p>\n\t\t\t<\/div>\n\t\t<\/div>\n\t<\/div>\n<\/div><div class=\"wpcf7-response-output\" aria-hidden=\"true\"><\/div>\n<\/form>\n<\/div>\n            <\/div>\r\n          <\/div>\r\n        <\/div>\r\n      <\/div>\r\n    <\/section>\r\n    <!-- Contact Section End -->\r\n    <!-- Google Map Section Start -->\r\n        <section class=\"google-map-section\">\r\n      <!-- Google Map Start -->\r\n      <div class=\"mapouter fixed-height\">\r\n        <div class=\"gmap_canvas\">\r\n          <iframe id=\"gmap_canvas\" src=\"https:\/\/maps.google.com\/maps?q=Calle+73+10-10+Bogot\u00e1&amp;t=&amp;z=11&amp;ie=UTF8&amp;iwloc=&amp;output=embed\"><\/iframe>\r\n          <a href=\"https:\/\/www.whatismyip-address.com\"><\/a>\r\n        <\/div>\r\n      <\/div>\r\n      <!-- Google Map End -->\r\n    <\/section>\r\n    \t\t\t\t\t<\/div>\n\t\t\t\t<\/div>\n\t\t\t\t\t<\/div>\n\t\t<\/div>\n\t\t\t\t\t<\/div>\n\t\t<\/section>\n\t\t\t\t<\/div>\n\t\t","protected":false},"excerpt":{"rendered":"<p>Cont\u00e1ctanos Inicio Cont\u00e1ctanos Nuestra Direcci\u00f3n Calle 73 #10-10 Escribenos Ventas@icaro.co Contacto +57 320 493 0494 Escr\u00edbenos Tienes preguntas?<\/p>\n","protected":false},"author":1,"featured_media":0,"parent":0,"menu_order":0,"comment_status":"closed","ping_status":"closed","template":"page-templates\/home.php","meta":{"om_disable_all_campaigns":false,"inline_featured_image":false,"_monsterinsights_skip_tracking":false,"_monsterinsights_sitenote_active":false,"_monsterinsights_sitenote_note":"","_monsterinsights_sitenote_category":0,"_uf_show_specific_survey":0,"_uf_disable_surveys":false,"footnotes":""},"class_list":["post-154","page","type-page","status-publish","hentry"],"aioseo_notices":[],"jetpack_sharing_enabled":true,"_links":{"self":[{"href":"https:\/\/isisas.co\/inicio\/wp-json\/wp\/v2\/pages\/154","targetHints":{"allow":["GET"]}}],"collection":[{"href":"https:\/\/isisas.co\/inicio\/wp-json\/wp\/v2\/pages"}],"about":[{"href":"https:\/\/isisas.co\/inicio\/wp-json\/wp\/v2\/types\/page"}],"author":[{"embeddable":true,"href":"https:\/\/isisas.co\/inicio\/wp-json\/wp\/v2\/users\/1"}],"replies":[{"embeddable":true,"href":"https:\/\/isisas.co\/inicio\/wp-json\/wp\/v2\/comments?post=154"}],"version-history":[{"count":18,"href":"https:\/\/isisas.co\/inicio\/wp-json\/wp\/v2\/pages\/154\/revisions"}],"predecessor-version":[{"id":1449,"href":"https:\/\/isisas.co\/inicio\/wp-json\/wp\/v2\/pages\/154\/revisions\/1449"}],"wp:attachment":[{"href":"https:\/\/isisas.co\/inicio\/wp-json\/wp\/v2\/media?parent=154"}],"curies":[{"name":"wp","href":"https:\/\/api.w.org\/{rel}","templated":true}]}}