{"id":148,"date":"2023-03-21T07:54:58","date_gmt":"2023-03-21T07:54:58","guid":{"rendered":"https:\/\/shtheme.com\/demosd\/ziptech\/?page_id=148"},"modified":"2023-08-28T19:32:53","modified_gmt":"2023-08-28T19:32:53","slug":"servicios","status":"publish","type":"page","link":"https:\/\/isisas.co\/inicio\/servicios\/","title":{"rendered":"Servicios"},"content":{"rendered":"\t\t<div data-elementor-type=\"wp-page\" data-elementor-id=\"148\" class=\"elementor elementor-148\">\n\t\t\t\t\t\t<section class=\"elementor-section elementor-top-section elementor-element elementor-element-053efc0 elementor-section-full_width elementor-section-height-default elementor-section-height-default\" data-id=\"053efc0\" data-element_type=\"section\" data-e-type=\"section\">\n\t\t\t\t\t\t<div class=\"elementor-container elementor-column-gap-no\">\n\t\t\t\t\t<div class=\"elementor-column elementor-col-100 elementor-top-column elementor-element elementor-element-7e6d64f\" data-id=\"7e6d64f\" data-element_type=\"column\" data-e-type=\"column\">\n\t\t\t<div class=\"elementor-widget-wrap elementor-element-populated\">\n\t\t\t\t\t\t<div class=\"elementor-element elementor-element-230730b elementor-align-left elementor-widget elementor-widget-bdevs-Banner\" data-id=\"230730b\" data-element_type=\"widget\" data-e-type=\"widget\" data-widget_type=\"bdevs-Banner.default\">\n\t\t\t\t<div class=\"elementor-widget-container\">\n\t\t\t\t\t \n<section class=\"page-title-section\" style=\"background-image: url(https:\/\/shtheme.com\/demosd\/ziptech\/wp-content\/uploads\/2023\/04\/1.jpg);\">\n      <div class=\"container\">\n        <div class=\"row\">\n          <div class=\"col-xl-12\">\n            <div class=\"breadcrumb-area\">\n            \t              <h2 class=\"page-title\">Servicios<\/h2>\n                                          <ul class=\"breadcrumbs-link\">\n                <li><a href=\"https:\/\/isisas.co\/inicio\/\">Inicio<\/a><\/li>\n                \n                <li class=\"active\">Servicios<\/li>\n                \n              <\/ul>\n                          <\/div>\n          <\/div>\n        <\/div>\n      <\/div>\n    <\/section>\n\n\t\t\t\t\t<\/div>\n\t\t\t\t<\/div>\n\t\t\t\t\t<\/div>\n\t\t<\/div>\n\t\t\t\t\t<\/div>\n\t\t<\/section>\n\t\t\t\t<section class=\"elementor-section elementor-top-section elementor-element elementor-element-fe4878e elementor-section-full_width elementor-section-height-default elementor-section-height-default\" data-id=\"fe4878e\" data-element_type=\"section\" data-e-type=\"section\">\n\t\t\t\t\t\t<div class=\"elementor-container elementor-column-gap-no\">\n\t\t\t\t\t<div class=\"elementor-column elementor-col-100 elementor-top-column elementor-element elementor-element-485ea03\" data-id=\"485ea03\" data-element_type=\"column\" data-e-type=\"column\">\n\t\t\t<div class=\"elementor-widget-wrap elementor-element-populated\">\n\t\t\t\t\t\t<div class=\"elementor-element elementor-element-10cb8f4 elementor-align-left elementor-widget elementor-widget-bdevs-services\" data-id=\"10cb8f4\" data-element_type=\"widget\" data-e-type=\"widget\" data-widget_type=\"bdevs-services.default\">\n\t\t\t\t<div class=\"elementor-widget-container\">\n\t\t\t\t\t \r\n<section class=\"service-section-style1 pdt-110 pdb-110\">\r\n  <div class=\"section-title text-center wow fadeInUp\" data-wow-delay=\"0ms\" data-wow-duration=\"1500ms\">\r\n    <div class=\"container\">\r\n      <div class=\"row\">\r\n        <div class=\"col\"><\/div>\r\n        <div class=\"col-md-12 col-lg-10 col-xl-6\">\r\n          \t<div class=\"title-box-center\">\r\n\t          \t\t            \t                      \t<\/div>\r\n        <\/div>\r\n        <div class=\"col\"><\/div>\r\n      <\/div>\r\n    <\/div>\r\n  <\/div>\r\n  <div class=\"section-content\">\r\n    <div class=\"container\">\r\n      <div class=\"row\">\r\n      \t \r\n\t    \t            <div class=\"col-md-6 col-lg-6 col-xl-4 service-wrapper\">\r\n          <div class=\"service-style1\">\r\n            <div class=\"thumb\">\r\n              <img decoding=\"async\" src=\"https:\/\/isisas.co\/wp-content\/uploads\/2023\/08\/service_sm_03.jpg\" alt=\"Ziptech\" \/>\r\n              <div class=\"visible_title_area\">\r\n                <div class=\"icon\">\r\n                  <i class=\"webextheme-icon-web-design\"><\/i>\r\n                <\/div>\r\n                <h4 class=\"title\"><a href=\"https:\/\/isisas.co\/inicio\/services\/alquiler-de-servidores\/\"> Alquiler de Servidores<\/a><\/h4>\r\n              <\/div>\r\n              <div class=\"overlay text-center\">\r\n                <div class=\"content\">\r\n                  <i class=\"webextheme-icon-web-design\"><\/i>\r\n                  <h4 class=\"title\"><a href=\"https:\/\/isisas.co\/inicio\/services\/alquiler-de-servidores\/\">Alquiler de Servidores<\/a><\/h4>\r\n                  <p class=\"description\">                            Alquiler de servidores de Isisas Los servidores son una parte esencial de la infraestructura...                            <\/p>\r\n                <\/div>\r\n              <\/div>\r\n            <\/div>\r\n          <\/div>\r\n        <\/div>\r\n         \r\n\t    \t            <div class=\"col-md-6 col-lg-6 col-xl-4 service-wrapper\">\r\n          <div class=\"service-style1\">\r\n            <div class=\"thumb\">\r\n              <img decoding=\"async\" src=\"https:\/\/isisas.co\/wp-content\/uploads\/2023\/03\/service_01.jpg\" alt=\"Ziptech\" \/>\r\n              <div class=\"visible_title_area\">\r\n                <div class=\"icon\">\r\n                  <i class=\"webextheme-icon-web-design\"><\/i>\r\n                <\/div>\r\n                <h4 class=\"title\"><a href=\"https:\/\/isisas.co\/inicio\/services\/alquiler-de-computadores\/\"> Alquiler de computadores<\/a><\/h4>\r\n              <\/div>\r\n              <div class=\"overlay text-center\">\r\n                <div class=\"content\">\r\n                  <i class=\"webextheme-icon-web-design\"><\/i>\r\n                  <h4 class=\"title\"><a href=\"https:\/\/isisas.co\/inicio\/services\/alquiler-de-computadores\/\">Alquiler de computadores<\/a><\/h4>\r\n                  <p class=\"description\">                            Alquiler de computadores \u00bfNecesitas un computador para tu negocio, pero no quieres comprar uno?...                            <\/p>\r\n                <\/div>\r\n              <\/div>\r\n            <\/div>\r\n          <\/div>\r\n        <\/div>\r\n         \r\n\t    \t            <div class=\"col-md-6 col-lg-6 col-xl-4 service-wrapper\">\r\n          <div class=\"service-style1\">\r\n            <div class=\"thumb\">\r\n              <img decoding=\"async\" src=\"https:\/\/isisas.co\/wp-content\/uploads\/2023\/03\/service_02.jpg\" alt=\"Ziptech\" \/>\r\n              <div class=\"visible_title_area\">\r\n                <div class=\"icon\">\r\n                  <i class=\"webextheme-icon-chip\"><\/i>\r\n                <\/div>\r\n                <h4 class=\"title\"><a href=\"https:\/\/isisas.co\/inicio\/services\/soporte-tecnico\/\"> Outsourcing de Soporte T\u00e9cnico<\/a><\/h4>\r\n              <\/div>\r\n              <div class=\"overlay text-center\">\r\n                <div class=\"content\">\r\n                  <i class=\"webextheme-icon-chip\"><\/i>\r\n                  <h4 class=\"title\"><a href=\"https:\/\/isisas.co\/inicio\/services\/soporte-tecnico\/\">Outsourcing de Soporte T\u00e9cnico<\/a><\/h4>\r\n                  <p class=\"description\">                            Soporte t\u00e9cnico \u00bfTienes un problema con tu computador? \u00bfNo sabes c\u00f3mo solucionarlo? \u00a1No te...                            <\/p>\r\n                <\/div>\r\n              <\/div>\r\n            <\/div>\r\n          <\/div>\r\n        <\/div>\r\n         \r\n\t    \t            <div class=\"col-md-6 col-lg-6 col-xl-4 service-wrapper\">\r\n          <div class=\"service-style1\">\r\n            <div class=\"thumb\">\r\n              <img decoding=\"async\" src=\"https:\/\/isisas.co\/wp-content\/uploads\/2023\/03\/service_03.jpg\" alt=\"Ziptech\" \/>\r\n              <div class=\"visible_title_area\">\r\n                <div class=\"icon\">\r\n                  <i class=\"webextheme-icon-006-seo\"><\/i>\r\n                <\/div>\r\n                <h4 class=\"title\"><a href=\"https:\/\/isisas.co\/inicio\/services\/venta-de-tecnologia\/\"> Venta de Tecnolog\u00eda<\/a><\/h4>\r\n              <\/div>\r\n              <div class=\"overlay text-center\">\r\n                <div class=\"content\">\r\n                  <i class=\"webextheme-icon-006-seo\"><\/i>\r\n                  <h4 class=\"title\"><a href=\"https:\/\/isisas.co\/inicio\/services\/venta-de-tecnologia\/\">Venta de Tecnolog\u00eda<\/a><\/h4>\r\n                  <p class=\"description\">                            Venta de tecnolog\u00eda de Isisas \u00bfNecesitas comprar nueva tecnolog\u00eda? \u00bfNo sabes por d\u00f3nde empezar?...                            <\/p>\r\n                <\/div>\r\n              <\/div>\r\n            <\/div>\r\n          <\/div>\r\n        <\/div>\r\n         \r\n\t    \t            <div class=\"col-md-6 col-lg-6 col-xl-4 service-wrapper\">\r\n          <div class=\"service-style1\">\r\n            <div class=\"thumb\">\r\n              <img decoding=\"async\" src=\"https:\/\/isisas.co\/wp-content\/uploads\/2023\/03\/service_04.jpg\" alt=\"Ziptech\" \/>\r\n              <div class=\"visible_title_area\">\r\n                <div class=\"icon\">\r\n                  <i class=\"webextheme-icon-web-design\"><\/i>\r\n                <\/div>\r\n                <h4 class=\"title\"><a href=\"https:\/\/isisas.co\/inicio\/services\/venta-correo\/\"> Venta y Configuraci\u00f3n de Correo Electr\u00f3nico<\/a><\/h4>\r\n              <\/div>\r\n              <div class=\"overlay text-center\">\r\n                <div class=\"content\">\r\n                  <i class=\"webextheme-icon-web-design\"><\/i>\r\n                  <h4 class=\"title\"><a href=\"https:\/\/isisas.co\/inicio\/services\/venta-correo\/\">Venta y Configuraci\u00f3n de Correo Electr\u00f3nico<\/a><\/h4>\r\n                  <p class=\"description\">                            Venta y configuraci\u00f3n de correo electr\u00f3nico El correo electr\u00f3nico es una herramienta esencial para...                            <\/p>\r\n                <\/div>\r\n              <\/div>\r\n            <\/div>\r\n          <\/div>\r\n        <\/div>\r\n         \r\n\t    \t            <div class=\"col-md-6 col-lg-6 col-xl-4 service-wrapper\">\r\n          <div class=\"service-style1\">\r\n            <div class=\"thumb\">\r\n              <img decoding=\"async\" src=\"https:\/\/isisas.co\/wp-content\/uploads\/2023\/03\/service_05.jpg\" alt=\"Ziptech\" \/>\r\n              <div class=\"visible_title_area\">\r\n                <div class=\"icon\">\r\n                  <i class=\"webextheme-icon-chip\"><\/i>\r\n                <\/div>\r\n                <h4 class=\"title\"><a href=\"https:\/\/isisas.co\/inicio\/services\/alquiler-de-computadoras\/\"> Alquiler de portatiles<\/a><\/h4>\r\n              <\/div>\r\n              <div class=\"overlay text-center\">\r\n                <div class=\"content\">\r\n                  <i class=\"webextheme-icon-chip\"><\/i>\r\n                  <h4 class=\"title\"><a href=\"https:\/\/isisas.co\/inicio\/services\/alquiler-de-computadoras\/\">Alquiler de portatiles<\/a><\/h4>\r\n                  <p class=\"description\">                            Alquiler de port\u00e1tiles de Isisas Los port\u00e1tiles son una herramienta esencial para el trabajo...                            <\/p>\r\n                <\/div>\r\n              <\/div>\r\n            <\/div>\r\n          <\/div>\r\n        <\/div>\r\n              <\/div>\r\n          <\/div>\r\n  <\/div>\r\n<\/section>\r\n\t\t\t\t\t<\/div>\n\t\t\t\t<\/div>\n\t\t\t\t\t<\/div>\n\t\t<\/div>\n\t\t\t\t\t<\/div>\n\t\t<\/section>\n\t\t\t\t<\/div>\n\t\t","protected":false},"excerpt":{"rendered":"<p>Servicios Inicio Servicios Alquiler de computadores Alquiler de computadores Alquiler de computadores \u00bfNecesitas un computador para tu negocio, pero no quieres comprar uno?&#8230; Outsourcing de Soporte T\u00e9cnico Outsourcing de Soporte T\u00e9cnico Soporte t\u00e9cnico \u00bfTienes un problema con tu computador? \u00bfNo sabes c\u00f3mo solucionarlo? \u00a1No te&#8230; Venta de Tecnolog\u00eda Venta de Tecnolog\u00eda Venta de tecnolog\u00eda de [&hellip;]<\/p>\n","protected":false},"author":1,"featured_media":0,"parent":0,"menu_order":0,"comment_status":"closed","ping_status":"closed","template":"page-templates\/home.php","meta":{"om_disable_all_campaigns":false,"inline_featured_image":false,"_monsterinsights_skip_tracking":false,"_monsterinsights_sitenote_active":false,"_monsterinsights_sitenote_note":"","_monsterinsights_sitenote_category":0,"_uf_show_specific_survey":0,"_uf_disable_surveys":false,"footnotes":""},"class_list":["post-148","page","type-page","status-publish","hentry"],"aioseo_notices":[],"jetpack_sharing_enabled":true,"_links":{"self":[{"href":"https:\/\/isisas.co\/inicio\/wp-json\/wp\/v2\/pages\/148","targetHints":{"allow":["GET"]}}],"collection":[{"href":"https:\/\/isisas.co\/inicio\/wp-json\/wp\/v2\/pages"}],"about":[{"href":"https:\/\/isisas.co\/inicio\/wp-json\/wp\/v2\/types\/page"}],"author":[{"embeddable":true,"href":"https:\/\/isisas.co\/inicio\/wp-json\/wp\/v2\/users\/1"}],"replies":[{"embeddable":true,"href":"https:\/\/isisas.co\/inicio\/wp-json\/wp\/v2\/comments?post=148"}],"version-history":[{"count":6,"href":"https:\/\/isisas.co\/inicio\/wp-json\/wp\/v2\/pages\/148\/revisions"}],"predecessor-version":[{"id":1394,"href":"https:\/\/isisas.co\/inicio\/wp-json\/wp\/v2\/pages\/148\/revisions\/1394"}],"wp:attachment":[{"href":"https:\/\/isisas.co\/inicio\/wp-json\/wp\/v2\/media?parent=148"}],"curies":[{"name":"wp","href":"https:\/\/api.w.org\/{rel}","templated":true}]}}