{"id":135,"date":"2023-03-21T07:36:37","date_gmt":"2023-03-21T07:36:37","guid":{"rendered":"https:\/\/shtheme.com\/demosd\/ziptech\/?page_id=135"},"modified":"2023-09-07T17:06:37","modified_gmt":"2023-09-07T17:06:37","slug":"sobre-nosotros","status":"publish","type":"page","link":"https:\/\/isisas.co\/inicio\/sobre-nosotros\/","title":{"rendered":"Sobre Nosotros"},"content":{"rendered":"\t\t<div data-elementor-type=\"wp-page\" data-elementor-id=\"135\" class=\"elementor elementor-135\">\n\t\t\t\t\t\t<section class=\"elementor-section elementor-top-section elementor-element elementor-element-6cf846c elementor-section-full_width elementor-section-height-default elementor-section-height-default\" data-id=\"6cf846c\" data-element_type=\"section\" data-e-type=\"section\">\n\t\t\t\t\t\t<div class=\"elementor-container elementor-column-gap-no\">\n\t\t\t\t\t<div class=\"elementor-column elementor-col-100 elementor-top-column elementor-element elementor-element-1eadc9f\" data-id=\"1eadc9f\" data-element_type=\"column\" data-e-type=\"column\">\n\t\t\t<div class=\"elementor-widget-wrap elementor-element-populated\">\n\t\t\t\t\t\t<div class=\"elementor-element elementor-element-fa0a5d1 elementor-align-left elementor-widget elementor-widget-bdevs-Banner\" data-id=\"fa0a5d1\" data-element_type=\"widget\" data-e-type=\"widget\" data-widget_type=\"bdevs-Banner.default\">\n\t\t\t\t<div class=\"elementor-widget-container\">\n\t\t\t\t\t \n<section class=\"page-title-section\" style=\"background-image: url(https:\/\/shtheme.com\/demosd\/ziptech\/wp-content\/uploads\/2023\/04\/1.jpg);\">\n      <div class=\"container\">\n        <div class=\"row\">\n          <div class=\"col-xl-12\">\n            <div class=\"breadcrumb-area\">\n            \t              <h2 class=\"page-title\">Sobre Nosotros<\/h2>\n                                          <ul class=\"breadcrumbs-link\">\n                <li><a href=\"https:\/\/isisas.co\/inicio\/\">Inicio<\/a><\/li>\n                \n                <li class=\"active\">Sobre Nosotros<\/li>\n                \n              <\/ul>\n                          <\/div>\n          <\/div>\n        <\/div>\n      <\/div>\n    <\/section>\n\n\t\t\t\t\t<\/div>\n\t\t\t\t<\/div>\n\t\t\t\t\t<\/div>\n\t\t<\/div>\n\t\t\t\t\t<\/div>\n\t\t<\/section>\n\t\t\t\t<section class=\"elementor-section elementor-top-section elementor-element elementor-element-3498865 elementor-section-full_width elementor-section-height-default elementor-section-height-default\" data-id=\"3498865\" data-element_type=\"section\" data-e-type=\"section\">\n\t\t\t\t\t\t<div class=\"elementor-container elementor-column-gap-no\">\n\t\t\t\t\t<div class=\"elementor-column elementor-col-100 elementor-top-column elementor-element elementor-element-24464be\" data-id=\"24464be\" data-element_type=\"column\" data-e-type=\"column\">\n\t\t\t<div class=\"elementor-widget-wrap elementor-element-populated\">\n\t\t\t\t\t\t<div class=\"elementor-element elementor-element-d8fa0b9 elementor-align-left elementor-widget elementor-widget-bdevs-about\" data-id=\"d8fa0b9\" data-element_type=\"widget\" data-e-type=\"widget\" data-widget_type=\"bdevs-about.default\">\n\t\t\t\t<div class=\"elementor-widget-container\">\n\t\t\t\t\t \r\n<section class=\"about-us-section-style1 pdt-110 pdb-110 bg-no-repeat bg-cover bg-pos-cb\" data-background=\"https:\/\/shtheme.com\/demosd\/ziptech\/wp-content\/uploads\/2023\/04\/abs-bg1.png\" data-overlay-light=\"3\">\r\n      <div class=\"container\">\r\n        <div class=\"row\">\r\n          <div class=\"col-md-12 col-lg-8 col-xl-6 wow fadeInRight\" data-wow-delay=\"0ms\" data-wow-duration=\"1500ms\">\r\n            <div class=\"about-image-box-style1 dot-circle mrb-lg-60\">\r\n              <img decoding=\"async\" class=\"about-image1 img-full js-tilt d-none d-md-block d-lg-block d-xl-block\" src=\"https:\/\/shtheme.com\/demosd\/ziptech\/wp-content\/uploads\/2023\/04\/about-sm2.jpg\" alt=\"\" \/>\r\n              <img decoding=\"async\" class=\"about-image2 img-full\" src=\"https:\/\/shtheme.com\/demosd\/ziptech\/wp-content\/uploads\/2023\/04\/about-lg2.jpg\" alt=\"\" \/>\r\n              <img decoding=\"async\" class=\"about-badge1 img-full js-tilt\" src=\"https:\/\/shtheme.com\/demosd\/ziptech\/wp-content\/uploads\/2023\/04\/certificate1.png\" alt=\"\" \/>\r\n            <\/div>\r\n          <\/div>\r\n          <div class=\"col-md-12 col-lg-10 col-xl-6 wow fadeInLeft\" data-wow-delay=\"0ms\" data-wow-duration=\"1500ms\">\r\n            <div class=\"title-box\">\r\n            \t              \t<h5 class=\"side-line-left sub-title text-gradient-color\">Sobre la compa\u00f1ia<\/h5>\r\n              \t              \t              \t<h2 class=\"title mrb-35 mrb-lg-35\">\r\n                \tLos computadores <span class=\"text-gradient-color\">Alquilados<\/span> que tu empresa requiere              \t<\/h2>\r\n              \t            <\/div>\r\n                        <p class=\"mrb-30\">Entendemos los requerimientos de las empresas y ofrecemos cualquier tipo de configuraci\u00f3n de equipos para sus proyectos, con todas las ventajas del alquiler de computadores, como son:<\/p>\r\n                        <div class=\"row mrb-35 mrb-lg-35\">\r\n            \t              <div class=\"col-xl-6 col-lg-6 col-md-12\">\r\n                <ul class=\"order-list webex-primary-color\">\r\n                  <li>Computadores Ajustados Para Sus Proyectos<\/li>\n\t\t\t\t\t\t\t\t\t<li>Computadores Ajustados Para Sus Proyectos<\/li>\n\t\t\t\t\t\t\t\t\t<li>Sin Impactar Su Presupuesto En Compras<\/li>                <\/ul>\r\n              <\/div>\r\n                                          <div class=\"col-xl-6 col-lg-6 col-md-12\">\r\n                <ul class=\"order-list webex-primary-color\">\r\n                  <li>Computadores De Contingencia En Caso De Fallas<\/li>\n\t\t\t\t\t\t\t\t\t<li>Sin Preocuparse Por Mantenimientos Y Garant\u00edas<\/li>\n\t\t\t\t\t\t\t\t\t<li>Con Actualizaci\u00f3n Tecnol\u00f3gica Peri\u00f3dica<\/li>                <\/ul>\r\n              <\/div>\r\n                          <\/div>\r\n            <div class=\"row no-gutters mrb-5\">\r\n            \t\t              <div class=\"col-xl-6 col-lg-6 col-md-6 col-sm-6\">\r\n\t                <div class=\"featured-icon-box mrb-15 mrr-30\">\r\n\t                \t\t                  \t<div class=\"featured-icon\">\r\n\t                    \t<i class=\"webexflaticon webextheme-icon-group\"><\/i>\r\n\t                  \t<\/div>\r\n\t                  \t\t                  <div class=\"featured-content\">\r\n\t                  \t\t                    <h4 class=\"featured-title\">Beneficios Tributarios<\/h4>\r\n\t                    \t                    \t                    <p class=\"featured-desc\">En Renta, por activos en vez de gastos en Alquiler de Computadores<\/p>\r\n\t                    \t                  <\/div>\r\n\t                <\/div>\r\n\t              <\/div>\r\n              \t\t              <div class=\"col-xl-6 col-lg-6 col-md-6 col-sm-6\">\r\n\t                <div class=\"featured-icon-box mrb-15 mrr-30\">\r\n\t                \t\t                  \t<div class=\"featured-icon\">\r\n\t                    \t<i class=\"webexflaticon webextheme-icon-013-user-interface\"><\/i>\r\n\t                  \t<\/div>\r\n\t                  \t\t                  <div class=\"featured-content\">\r\n\t                  \t\t                    <h4 class=\"featured-title\">Soporte T\u00e9cnico<\/h4>\r\n\t                    \t                    \t                    <p class=\"featured-desc\">Ofrecemos soporte t\u00e9cnico inmediato en nuestros Computadores Alquilados<\/p>\r\n\t                    \t                  <\/div>\r\n\t                <\/div>\r\n\t              <\/div>\r\n              \t            <\/div>\r\n            <div class=\"row\">\r\n              <div class=\"col-lg-12\">\r\n                <div class=\"d-inline d-md-flex align-items-center mt-40\">\r\n                \t\t                 \t<a href=\"https:\/\/shtheme.com\/demosd\/ziptech\/?page_id=135\" class=\"theme-btn-1 mrr-40 mrb-sm-20\">Leer m\u00e1s <i class=\"base-icon-next\"><\/i><\/a>\r\n\t                \t                  <div class=\"signature\">\r\n\t                    <img decoding=\"async\" src=\"https:\/\/shtheme.com\/demosd\/ziptech\/wp-content\/uploads\/2023\/04\/signature.png\" alt=\"\" \/>\r\n\t                  <\/div>\r\n                <\/div>\r\n              <\/div>\r\n            <\/div>\r\n          <\/div>\r\n        <\/div>\r\n      <\/div>\r\n    <\/section>\r\n\t\t\t\t\t<\/div>\n\t\t\t\t<\/div>\n\t\t\t\t\t<\/div>\n\t\t<\/div>\n\t\t\t\t\t<\/div>\n\t\t<\/section>\n\t\t\t\t<section class=\"elementor-section elementor-top-section elementor-element elementor-element-c644a56 elementor-section-full_width elementor-section-height-default elementor-section-height-default\" data-id=\"c644a56\" data-element_type=\"section\" data-e-type=\"section\">\n\t\t\t\t\t\t<div class=\"elementor-container elementor-column-gap-no\">\n\t\t\t\t\t<div class=\"elementor-column elementor-col-100 elementor-top-column elementor-element elementor-element-41a0445\" data-id=\"41a0445\" data-element_type=\"column\" data-e-type=\"column\">\n\t\t\t<div class=\"elementor-widget-wrap elementor-element-populated\">\n\t\t\t\t\t\t<div class=\"elementor-element elementor-element-faaa1ef elementor-align-left elementor-widget elementor-widget-bdevs-testimonial\" data-id=\"faaa1ef\" data-element_type=\"widget\" data-e-type=\"widget\" data-widget_type=\"bdevs-testimonial.default\">\n\t\t\t\t<div class=\"elementor-widget-container\">\n\t\t\t\t\t \r\n<section class=\"testimonial-style1-section bg-silver pdt-110 pdb-80 bg-no-repeat bg-cover bg-pos-ct\" data-background=\"https:\/\/shtheme.com\/demosd\/ziptech\/wp-content\/uploads\/2023\/04\/abs-bg2.png\">\r\n      <div class=\"section-title text-center wow fadeInUp\" data-wow-delay=\"0ms\" data-wow-duration=\"1500ms\">\r\n        <div class=\"container\">\r\n          <div class=\"row\">\r\n            <div class=\"col\"><\/div>\r\n            <div class=\"col-md-12 col-lg-10 col-xl-6\">\r\n              <div class=\"title-box-center\">\r\n              \t                <h5 class=\"sub-title mrb-10\">Nuestros testigos<\/h5>\r\n                                                <h2 class=\"title mrb-10\">Que dicen nuestros clientes?<\/h2>\r\n                                                <div class=\"section-title-big_text\">Clientes<\/div>\r\n                              <\/div>\r\n            <\/div>\r\n            <div class=\"col\"><\/div>\r\n          <\/div>\r\n        <\/div>\r\n      <\/div>\r\n      <div class=\"section-content\">\r\n        <div class=\"container\">\r\n          <div class=\"testimonial-style1\">\r\n            <div class=\"row\">\r\n            \t              <div class=\"col-xl-4 col-lg-6\">\r\n                <div class=\"testimonial-item\">\r\n                \t                  <div class=\"author-image\">\r\n                    <img decoding=\"async\" src=\"https:\/\/shtheme.com\/demosd\/ziptech\/wp-content\/uploads\/2023\/04\/testimonial-img1.jpg\" alt=\"\" \/>\r\n                  <\/div>\r\n                                                      <p class=\"comments\">Adicional al servicio de Alquiler de Computadores, el servicio al cliente es muy bueno. Los requerimientos son atendidos de forma inmediata.<\/p>\r\n                                                      <h5 class=\"client-name\">Ingrid Montilla<\/h5>\r\n                                                      <span class=\"client-designation\">Cliente, Bogot\u00e1<\/span>\r\n                                  <\/div>\r\n              <\/div>\r\n                            <div class=\"col-xl-4 col-lg-6\">\r\n                <div class=\"testimonial-item\">\r\n                \t                  <div class=\"author-image\">\r\n                    <img decoding=\"async\" src=\"https:\/\/shtheme.com\/demosd\/ziptech\/wp-content\/uploads\/2023\/04\/testimonial-img2.jpg\" alt=\"\" \/>\r\n                  <\/div>\r\n                                                      <p class=\"comments\">Son una empresa muy seria y responsable y nos siempre nos han atendido bien todos nuestros requerimientos<\/p>\r\n                                                      <h5 class=\"client-name\">Fabio Acosta<\/h5>\r\n                                                      <span class=\"client-designation\">Cliente, Bogot\u00e1<\/span>\r\n                                  <\/div>\r\n              <\/div>\r\n                            <div class=\"col-xl-4 col-lg-6\">\r\n                <div class=\"testimonial-item\">\r\n                \t                  <div class=\"author-image\">\r\n                    <img decoding=\"async\" src=\"https:\/\/shtheme.com\/demosd\/ziptech\/wp-content\/uploads\/2023\/04\/testimonial-img3.jpg\" alt=\"\" \/>\r\n                  <\/div>\r\n                                                      <p class=\"comments\">Gracias al servicio de Alquiler de Computadores, mi empresa a ahorrado mucho presupuesto muchos proyectos\n\n<\/p>\r\n                                                      <h5 class=\"client-name\">Wilmar Ibarguen<\/h5>\r\n                                                      <span class=\"client-designation\">Cliente, Bogot\u00e1<\/span>\r\n                                  <\/div>\r\n              <\/div>\r\n                          <\/div>\r\n          <\/div>\r\n        <\/div>\r\n      <\/div>\r\n    <\/section>\r\n\r\n\t\t\t\t\t<\/div>\n\t\t\t\t<\/div>\n\t\t\t\t\t<\/div>\n\t\t<\/div>\n\t\t\t\t\t<\/div>\n\t\t<\/section>\n\t\t\t\t<\/div>\n\t\t","protected":false},"excerpt":{"rendered":"<p>Sobre Nosotros Inicio Sobre Nosotros Sobre la compa\u00f1ia Los computadores Alquilados que tu empresa requiere Entendemos los requerimientos de las empresas y ofrecemos cualquier tipo de configuraci\u00f3n de equipos para sus proyectos, con todas las ventajas del alquiler de computadores, como son: Computadores Ajustados Para Sus Proyectos Computadores Ajustados Para Sus Proyectos Sin Impactar Su [&hellip;]<\/p>\n","protected":false},"author":1,"featured_media":0,"parent":0,"menu_order":0,"comment_status":"closed","ping_status":"closed","template":"page-templates\/home.php","meta":{"om_disable_all_campaigns":false,"inline_featured_image":false,"_monsterinsights_skip_tracking":false,"_monsterinsights_sitenote_active":false,"_monsterinsights_sitenote_note":"","_monsterinsights_sitenote_category":0,"_uf_show_specific_survey":0,"_uf_disable_surveys":false,"footnotes":""},"class_list":["post-135","page","type-page","status-publish","hentry"],"aioseo_notices":[],"jetpack_sharing_enabled":true,"_links":{"self":[{"href":"https:\/\/isisas.co\/inicio\/wp-json\/wp\/v2\/pages\/135","targetHints":{"allow":["GET"]}}],"collection":[{"href":"https:\/\/isisas.co\/inicio\/wp-json\/wp\/v2\/pages"}],"about":[{"href":"https:\/\/isisas.co\/inicio\/wp-json\/wp\/v2\/types\/page"}],"author":[{"embeddable":true,"href":"https:\/\/isisas.co\/inicio\/wp-json\/wp\/v2\/users\/1"}],"replies":[{"embeddable":true,"href":"https:\/\/isisas.co\/inicio\/wp-json\/wp\/v2\/comments?post=135"}],"version-history":[{"count":16,"href":"https:\/\/isisas.co\/inicio\/wp-json\/wp\/v2\/pages\/135\/revisions"}],"predecessor-version":[{"id":1489,"href":"https:\/\/isisas.co\/inicio\/wp-json\/wp\/v2\/pages\/135\/revisions\/1489"}],"wp:attachment":[{"href":"https:\/\/isisas.co\/inicio\/wp-json\/wp\/v2\/media?parent=135"}],"curies":[{"name":"wp","href":"https:\/\/api.w.org\/{rel}","templated":true}]}}